{"id":359,"date":"2018-05-28T12:22:36","date_gmt":"2018-05-28T10:22:36","guid":{"rendered":"https:\/\/www.historischer-verein-niedersachsen.de\/?page_id=359"},"modified":"2025-11-11T11:20:57","modified_gmt":"2025-11-11T10:20:57","slug":"datenschutz","status":"publish","type":"page","link":"https:\/\/www.historischer-verein-niedersachsen.de\/index.php\/datenschutz\/","title":{"rendered":"Datenschutz"},"content":{"rendered":"<p><strong>Datenschutzhinweis f\u00fcr dieses Internetangebot<br \/>\n<\/strong><\/p>\n<p>Zugriffe auf unseren Web-Server werden nur anonym protokolliert. Erfasst werden nur die Tatsache des Zugriffs und das aufgerufene Dokument. Ein Bezug auf die Person des Nutzers ist auf jeden Fall ausgeschlossen. Die Protokolldaten werden f\u00fcr zwei Monate gespeichert und statistisch ausgewertet.<\/p>\n<p>Sofern innerhalb unseres Internetangebotes die M\u00f6glichkeit zur Eingabe pers\u00f6nlicher oder gesch\u00e4ftlicher Daten (Emailadressen, Namen, Anschriften) besteht, so erfolgt die Preisgabe dieser Daten durch die Nutzerinnen und Nutzer ausdr\u00fccklich freiwillig.<\/p>\n<p>Sie k\u00f6nnen alle allgemein zug\u00e4nglichen Seiten benutzen, ohne dass Cookies gesetzt werden. Lediglich beim Aufruf von Seiten, f\u00fcr die eine Anmeldung erforderlich ist, wird ein Session Cookie gesetzt, das die Identit\u00e4t der Browser-Sitzung auf Ihrem Rechner festh\u00e4lt und nach Ende der Browser-Sitzung wieder von Ihrem Rechner gel\u00f6scht wird. Diese Information stehen in sp\u00e4teren Browser-Sitzungen nicht mehr zur Verf\u00fcgung.<\/p>\n<p>Der Nutzung von im Rahmen der Impressumspflicht ver\u00f6ffentlichten Kontaktdaten durch Dritte zur \u00dcbersendung von nicht ausdr\u00fccklich angeforderter Werbung und Informationsmaterialien wird hiermit ausdr\u00fccklich widersprochen. Die Betreiber der Seiten behalten sich ausdr\u00fccklich rechtliche Schritte im Falle der unverlangten Zusendung von Werbeinformationen, etwa durch Spam-Mails, vor.<\/p>\n<p>&nbsp;<\/p>\n<p><strong>Verarbeitung personenbezogener Daten gem\u00e4\u00df Datenschlutz-Grundverordnung (DS-GVO)<\/strong><\/p>\n<p><span style=\"text-decoration: underline;\">Hinweis f\u00fcr Mitglieder des Historischen Vereins f\u00fcr Niedersachsen e.V.:<\/span> Zum Zweck der Mitgliederverwaltung werden folgende personenbezogene Daten von Ihnen verarbeitet: Namen, Adressen, Telefonnummern, Geburtsdaten, E-Mail-Adressen, ggf. Bankverbindungen\/Bankdaten. Rechtsgrundlage dieser Verarbeitung ist Ihre Mitgliedschaft im Historischen Verein f\u00fcr Niedersachsen (Abwicklung eines Vertrages bzw. vorvertraglicher Ma\u00dfnahmen).<\/p>\n<p>Verantwortliche datenverarbeitende Stelle ist der Historische Verein f\u00fcr Niedersachsen e.V., vertreten durch die Vorsitzenden 1. Herr Dr. Nicolas R\u00fcgge und 2. Frau Dr. Cornelia Regin. Sie k\u00f6nnen den Historischen Verein f\u00fcr Niedersachsen e.V. per E-Mail unter <a href=\"mailto:hist.verein@nla.niedersachsen.de\">hist.verein@nla.niedersachsen.de<\/a> bzw. postalisch unter Historischer Verein f\u00fcr Niedersachsen, Am Archiv 1 (Landesarchiv), 30169 Hannover, kontaktieren.<\/p>\n<p>Ihre Daten werden f\u00fcr die Dauer Ihrer Mitgliedschaft und ggf. anschlie\u00dfend gem\u00e4\u00df den gesetzlichen Aufbewahrungsvorschriften gespeichert. Sie k\u00f6nnen gegen\u00fcber dem Historischen Verein f\u00fcr Niedersachsen e.V. folgende Rechte geltend machen: Recht auf Auskunft, Recht auf Berichtigung oder L\u00f6schung oder Einschr\u00e4nkung der Verarbeitung oder ein Widerspruchsrecht gegen die Verarbeitung sowie das Recht auf Daten\u00fcbertragbarkeit. Dar\u00fcber hinaus k\u00f6nnen Sie sich an die Landesbeauftragte f\u00fcr den Datenschutz Niedersachsen wenden und dort ein Beschwerderecht geltend machen. Die Bereitstellung der Daten ist f\u00fcr die Mitgliederverwaltung (einschlie\u00dflich Zusendung der Vereinszeitschriften, Teilnahme an Exkursionen und Bewerbung von Vereinsveranstaltungen) erforderlich. Sie sind nicht verpflichtet, die Daten bereitzustellen. In diesem Fall k\u00f6nnen Sie kein Mitglied des Historischen Vereins f\u00fcr Niedersachsen e.V. sein bzw. werden.<\/p>\n<p>&nbsp;<\/p>\n","protected":false},"excerpt":{"rendered":"<p>Datenschutzhinweis f\u00fcr dieses Internetangebot Zugriffe auf unseren Web-Server werden nur anonym protokolliert. Erfasst werden nur die Tatsache des Zugriffs und das aufgerufene Dokument. Ein Bezug auf die Person des Nutzers &#8230;<\/p>\n","protected":false},"author":1,"featured_media":0,"parent":0,"menu_order":0,"comment_status":"closed","ping_status":"closed","template":"","meta":{"_crdt_document":"","footnotes":""},"class_list":["post-359","page","type-page","status-publish","hentry"],"_links":{"self":[{"href":"https:\/\/www.historischer-verein-niedersachsen.de\/index.php\/wp-json\/wp\/v2\/pages\/359","targetHints":{"allow":["GET"]}}],"collection":[{"href":"https:\/\/www.historischer-verein-niedersachsen.de\/index.php\/wp-json\/wp\/v2\/pages"}],"about":[{"href":"https:\/\/www.historischer-verein-niedersachsen.de\/index.php\/wp-json\/wp\/v2\/types\/page"}],"author":[{"embeddable":true,"href":"https:\/\/www.historischer-verein-niedersachsen.de\/index.php\/wp-json\/wp\/v2\/users\/1"}],"replies":[{"embeddable":true,"href":"https:\/\/www.historischer-verein-niedersachsen.de\/index.php\/wp-json\/wp\/v2\/comments?post=359"}],"version-history":[{"count":11,"href":"https:\/\/www.historischer-verein-niedersachsen.de\/index.php\/wp-json\/wp\/v2\/pages\/359\/revisions"}],"predecessor-version":[{"id":1842,"href":"https:\/\/www.historischer-verein-niedersachsen.de\/index.php\/wp-json\/wp\/v2\/pages\/359\/revisions\/1842"}],"wp:attachment":[{"href":"https:\/\/www.historischer-verein-niedersachsen.de\/index.php\/wp-json\/wp\/v2\/media?parent=359"}],"curies":[{"name":"wp","href":"https:\/\/api.w.org\/{rel}","templated":true}]}}