{"id":266,"date":"2017-10-10T14:49:23","date_gmt":"2017-10-10T12:49:23","guid":{"rendered":"https:\/\/www.historischer-verein-niedersachsen.de\/?page_id=266"},"modified":"2025-11-11T11:22:44","modified_gmt":"2025-11-11T10:22:44","slug":"spenden","status":"publish","type":"page","link":"https:\/\/www.historischer-verein-niedersachsen.de\/index.php\/spenden\/","title":{"rendered":"Spenden"},"content":{"rendered":"<p>Der Historische Verein f\u00fcr Niedersachsen e.V. erh\u00e4lt keine staatliche oder institutionelle F\u00f6rderung, er muss sich vollst\u00e4ndig aus Mitgliedsbeitr\u00e4gen und Spenden finanzieren.<br \/>\nZur Unterst\u00fctzung der gemeinn\u00fctzigen T\u00e4tigkeit ist der Historische Verein f\u00fcr Niedersachsen f\u00fcr Spenden dankbar. Unser Verein ist vom Finanzamt Hannover-Nord gem\u00e4\u00df Freistellungsbescheid f\u00fcr die Jahre 2022 bis 2024 vom 06.11.2025 als gemeinn\u00fctzig anerkannt.<br \/>\nEine Spendenbescheinigung kann auf Wunsch ausgestellt werden. Bitte geben Sie bei einer \u00dcberweisung das Stichwort \u201eSpende\u201c an.<\/p>\n<p>Unsere Bankverbindung teilen wir Ihnen gerne auf Anfrage mit. Auch auf unserem gedruckten Flyer ist die IBAN angegeben.<\/p>\n<p>&nbsp;<\/p>\n<p>&nbsp;<\/p>\n<p>Amtsgericht Hannover, Registernummer VR 2575<br \/>\nFinanzamt Hannover-Nord, Steuernummer 25\/206\/39282<\/p>\n","protected":false},"excerpt":{"rendered":"<p>Der Historische Verein f\u00fcr Niedersachsen e.V. erh\u00e4lt keine staatliche oder institutionelle F\u00f6rderung, er muss sich vollst\u00e4ndig aus Mitgliedsbeitr\u00e4gen und Spenden finanzieren. Zur Unterst\u00fctzung der gemeinn\u00fctzigen T\u00e4tigkeit ist der Historische Verein &#8230;<\/p>\n","protected":false},"author":1,"featured_media":0,"parent":0,"menu_order":0,"comment_status":"closed","ping_status":"closed","template":"","meta":{"_crdt_document":"","footnotes":""},"class_list":["post-266","page","type-page","status-publish","hentry"],"_links":{"self":[{"href":"https:\/\/www.historischer-verein-niedersachsen.de\/index.php\/wp-json\/wp\/v2\/pages\/266","targetHints":{"allow":["GET"]}}],"collection":[{"href":"https:\/\/www.historischer-verein-niedersachsen.de\/index.php\/wp-json\/wp\/v2\/pages"}],"about":[{"href":"https:\/\/www.historischer-verein-niedersachsen.de\/index.php\/wp-json\/wp\/v2\/types\/page"}],"author":[{"embeddable":true,"href":"https:\/\/www.historischer-verein-niedersachsen.de\/index.php\/wp-json\/wp\/v2\/users\/1"}],"replies":[{"embeddable":true,"href":"https:\/\/www.historischer-verein-niedersachsen.de\/index.php\/wp-json\/wp\/v2\/comments?post=266"}],"version-history":[{"count":14,"href":"https:\/\/www.historischer-verein-niedersachsen.de\/index.php\/wp-json\/wp\/v2\/pages\/266\/revisions"}],"predecessor-version":[{"id":1843,"href":"https:\/\/www.historischer-verein-niedersachsen.de\/index.php\/wp-json\/wp\/v2\/pages\/266\/revisions\/1843"}],"wp:attachment":[{"href":"https:\/\/www.historischer-verein-niedersachsen.de\/index.php\/wp-json\/wp\/v2\/media?parent=266"}],"curies":[{"name":"wp","href":"https:\/\/api.w.org\/{rel}","templated":true}]}}