{"id":258,"date":"2017-10-10T14:39:22","date_gmt":"2017-10-10T12:39:22","guid":{"rendered":"https:\/\/www.historischer-verein-niedersachsen.de\/?page_id=258"},"modified":"2017-10-10T15:25:28","modified_gmt":"2017-10-10T13:25:28","slug":"wir-ueber-uns","status":"publish","type":"page","link":"https:\/\/www.historischer-verein-niedersachsen.de\/index.php\/wir-ueber-uns\/","title":{"rendered":"Wir \u00fcber uns"},"content":{"rendered":"<p><span style=\"font-size: 14pt;\">Der Historische Verein f\u00fcr Niedersachsen e.V., gegr. 1835, hat sich zum Ziel gesetzt<\/span><\/p>\n<ul>\n<li>die wissenschaftliche Erforschung der Vergangenheit Niedersachsens zu f\u00f6rdern,<\/li>\n<li>die Kenntnis der deutschen Geschichte, besonders der Geschichte Niedersachsens, weitesten Kreisen zu vermitteln.<\/li>\n<\/ul>\n<p><span style=\"font-size: 14pt;\"><br \/>\nDazu dienen<\/span><\/p>\n<ul>\n<li>die Verbreitung der beiden Vereinszeitschriften Nieders\u00e4chsisches Jahrbuch f\u00fcr Landesgeschichte und Hannoversche Geschichtsbl\u00e4tter,<\/li>\n<li>die fortlaufende Ver\u00f6ffentlichung wissenschaftlicher Arbeiten in der Reihe Quellen und Darstellungen zur Geschichte Niedersachsens,<\/li>\n<li>Vortr\u00e4ge zu allen Gebieten der Geschichte,<\/li>\n<li>Studienfahrten sowie<\/li>\n<li>die Fortf\u00fchrung der wertvollen geschichtswissenschaftlichen Vereinsbibliothek, die Mitgliedern kostenfrei zur Verf\u00fcgung steht.<\/li>\n<\/ul>\n","protected":false},"excerpt":{"rendered":"<p>Der Historische Verein f\u00fcr Niedersachsen e.V., gegr. 1835, hat sich zum Ziel gesetzt die wissenschaftliche Erforschung der Vergangenheit Niedersachsens zu f\u00f6rdern, die Kenntnis der deutschen Geschichte, besonders der Geschichte Niedersachsens, &#8230;<\/p>\n","protected":false},"author":1,"featured_media":0,"parent":0,"menu_order":0,"comment_status":"closed","ping_status":"closed","template":"","meta":{"_crdt_document":"","footnotes":""},"class_list":["post-258","page","type-page","status-publish","hentry"],"_links":{"self":[{"href":"https:\/\/www.historischer-verein-niedersachsen.de\/index.php\/wp-json\/wp\/v2\/pages\/258","targetHints":{"allow":["GET"]}}],"collection":[{"href":"https:\/\/www.historischer-verein-niedersachsen.de\/index.php\/wp-json\/wp\/v2\/pages"}],"about":[{"href":"https:\/\/www.historischer-verein-niedersachsen.de\/index.php\/wp-json\/wp\/v2\/types\/page"}],"author":[{"embeddable":true,"href":"https:\/\/www.historischer-verein-niedersachsen.de\/index.php\/wp-json\/wp\/v2\/users\/1"}],"replies":[{"embeddable":true,"href":"https:\/\/www.historischer-verein-niedersachsen.de\/index.php\/wp-json\/wp\/v2\/comments?post=258"}],"version-history":[{"count":8,"href":"https:\/\/www.historischer-verein-niedersachsen.de\/index.php\/wp-json\/wp\/v2\/pages\/258\/revisions"}],"predecessor-version":[{"id":287,"href":"https:\/\/www.historischer-verein-niedersachsen.de\/index.php\/wp-json\/wp\/v2\/pages\/258\/revisions\/287"}],"wp:attachment":[{"href":"https:\/\/www.historischer-verein-niedersachsen.de\/index.php\/wp-json\/wp\/v2\/media?parent=258"}],"curies":[{"name":"wp","href":"https:\/\/api.w.org\/{rel}","templated":true}]}}