{"id":104,"date":"2017-07-12T13:25:26","date_gmt":"2017-07-12T11:25:26","guid":{"rendered":"https:\/\/www.historischer-verein-niedersachsen.de\/?page_id=104"},"modified":"2025-08-19T18:30:36","modified_gmt":"2025-08-19T16:30:36","slug":"impressum","status":"publish","type":"page","link":"https:\/\/www.historischer-verein-niedersachsen.de\/index.php\/impressum\/","title":{"rendered":"Impressum"},"content":{"rendered":"<p>Historischer Verein f\u00fcr Niedersachsen e. V.<br \/>\nAm Archiv 1 (Landesarchiv)<br \/>\n30169 Hannover<\/p>\n<p>Telefon: +49 (0)511 120-6608<br \/>\nE-Mail: hist.verein@nla.niedersachsen.de<\/p>\n<p>Gemeinschaftlich<br \/>\nvertretungsberechtigt:<br \/>\n1. Vorsitzender:<br \/>\nDr. Nicolas R\u00fcgge<br \/>\nAm Archiv 1<br \/>\n30169 Hannover<\/p>\n<p>Telefon: +49 (0)511 120-6629<br \/>\nE-Mail: nicolas.ruegge@nla.niedersachsen.de<\/p>\n<p>2. Vorsitzende:<br \/>\nDr. Cornelia Regin<br \/>\nHannover<\/p>\n<p>Kontakt \u00fcber die Gesch\u00e4ftsstelle<\/p>\n<p>&nbsp;<\/p>\n<p><strong>Haftungsausschluss<\/strong><strong><br \/>\n<\/strong><br \/>\n1. Inhalt des Onlineangebotes<\/p>\n<p>Die Inhalte unserer Seiten wurden mit gr\u00f6\u00dfter Sorgfalt erstellt. F\u00fcr die Richtigkeit, Vollst\u00e4ndigkeit, Qualit\u00e4t und Aktualit\u00e4t der Inhalte k\u00f6nnen wir jedoch keine Gew\u00e4hr \u00fcbernehmen.<br \/>\nHaftungsanspr\u00fcche gegen den Verein, welche sich auf Sch\u00e4den materieller oder ideeller Art beziehen, die durch die Nutzung oder Nichtnutzung der dargebotenen Informationen bzw. durch die Nutzung fehlerhafter und unvollst\u00e4ndiger Informationen verursacht wurden, sind grunds\u00e4tzlich ausgeschlossen, sofern seitens des Vereins kein nachweislich vors\u00e4tzliches oder grob fahrl\u00e4ssiges Verschulden vorliegt.<br \/>\nAlle Angebote sind freibleibend und unverbindlich. Der Verein beh\u00e4lt es sich ausdr\u00fccklich vor, Teile der Seiten oder das gesamte Angebot ohne gesonderte Ank\u00fcndigung zu ver\u00e4ndern, zu erg\u00e4nzen, zu l\u00f6schen oder die Ver\u00f6ffentlichung zeitweise oder endg\u00fcltig einzustellen.<\/p>\n<p>2. Verweise und Links<\/p>\n<p>Unser Angebot enth\u00e4lt Links zu externen Webseiten Dritter, auf deren Inhalte wir keinen Einfluss haben. Deshalb k\u00f6nnen wir f\u00fcr diese fremden Inhalte auch keine Gew\u00e4hr \u00fcbernehmen. F\u00fcr die Inhalte der verlinkten Seiten ist stets der jeweilige Anbieter oder Betreiber der Seiten verantwortlich. Die verlinkten Seiten wurden zum Zeitpunkt der Verlinkung auf m\u00f6gliche Rechtsverst\u00f6\u00dfe \u00fcberpr\u00fcft. Rechtswidrige Inhalte waren zum Zeitpunkt der Verlinkung nicht erkennbar. Eine permanente inhaltliche Kontrolle der verlinkten Seiten ist jedoch ohne konkrete Anhaltspunkte einer Rechtsverletzung nicht zumutbar. Bei Bekanntwerden von Rechtsverletzungen werden wir derartige Links umgehend entfernen.<\/p>\n<p>3. Urheber- und Kennzeichenrecht<\/p>\n<p>Der Verein ist bestrebt, die Urheberrechte der verwendeten Bilder und Texte zu beachten, von ihm selbst erstellte Bilder und Texte zu nutzen oder auf lizenzfreie Bilder zur\u00fcckzugreifen. Die durch den Seitenbetreiber erstellten Inhalte und Werke auf diesen Seiten unterliegen dem deutschen Urheberrecht. Die Vervielf\u00e4ltigung, Bearbeitung, Verbreitung und jede Art der Verwertung au\u00dferhalb der Grenzen des Urheberrechtes bed\u00fcrfen der schriftlichen Zustimmung des Autors. Downloads und Kopien dieser Seite sind nur f\u00fcr den privaten, nicht kommerziellen Gebrauch gestattet. Soweit die Inhalte auf dieser Seite nicht vom Betreiber erstellt wurden, werden die Urheberrechte Dritter beachtet. Insbesondere werden Inhalte Dritter als solche gekennzeichnet. Sollten Sie trotzdem auf eine Urheberrechtsverletzung aufmerksam werden, bitten wir um einen entsprechenden Hinweis. Bei Bekanntwerden von Rechtsverletzungen werden wir derartige Inhalte umgehend entfernen.<\/p>\n<p>4. Rechtswirksamkeit dieses Haftungsausschlusses<\/p>\n<p>Dieser Haftungsausschluss ist als Teil des Internetangebotes zu betrachten, von dem aus auf diese Seite verwiesen wurde. Sofern Teile oder einzelne Formulierungen dieses Textes der geltenden Rechtslage nicht, nicht mehr oder nicht vollst\u00e4ndig entsprechen sollten, bleiben die \u00fcbrigen Teile des Dokumentes in ihrem Inhalt und ihrer G\u00fcltigkeit davon unber\u00fchrt.<\/p>\n<p>&nbsp;<\/p>\n","protected":false},"excerpt":{"rendered":"<p>Historischer Verein f\u00fcr Niedersachsen e. V. Am Archiv 1 (Landesarchiv) 30169 Hannover Telefon: +49 (0)511 120-6608 E-Mail: hist.verein@nla.niedersachsen.de Gemeinschaftlich vertretungsberechtigt: 1. Vorsitzender: Dr. Nicolas R\u00fcgge Am Archiv 1 30169 Hannover &#8230;<\/p>\n","protected":false},"author":1,"featured_media":0,"parent":0,"menu_order":0,"comment_status":"closed","ping_status":"closed","template":"","meta":{"_crdt_document":"","footnotes":""},"class_list":["post-104","page","type-page","status-publish","hentry"],"_links":{"self":[{"href":"https:\/\/www.historischer-verein-niedersachsen.de\/index.php\/wp-json\/wp\/v2\/pages\/104","targetHints":{"allow":["GET"]}}],"collection":[{"href":"https:\/\/www.historischer-verein-niedersachsen.de\/index.php\/wp-json\/wp\/v2\/pages"}],"about":[{"href":"https:\/\/www.historischer-verein-niedersachsen.de\/index.php\/wp-json\/wp\/v2\/types\/page"}],"author":[{"embeddable":true,"href":"https:\/\/www.historischer-verein-niedersachsen.de\/index.php\/wp-json\/wp\/v2\/users\/1"}],"replies":[{"embeddable":true,"href":"https:\/\/www.historischer-verein-niedersachsen.de\/index.php\/wp-json\/wp\/v2\/comments?post=104"}],"version-history":[{"count":15,"href":"https:\/\/www.historischer-verein-niedersachsen.de\/index.php\/wp-json\/wp\/v2\/pages\/104\/revisions"}],"predecessor-version":[{"id":1719,"href":"https:\/\/www.historischer-verein-niedersachsen.de\/index.php\/wp-json\/wp\/v2\/pages\/104\/revisions\/1719"}],"wp:attachment":[{"href":"https:\/\/www.historischer-verein-niedersachsen.de\/index.php\/wp-json\/wp\/v2\/media?parent=104"}],"curies":[{"name":"wp","href":"https:\/\/api.w.org\/{rel}","templated":true}]}}